{"id":355,"date":"2025-10-30T22:40:21","date_gmt":"2025-10-30T21:40:21","guid":{"rendered":"https:\/\/alexgrube.com\/?page_id=355"},"modified":"2025-10-30T23:21:10","modified_gmt":"2025-10-30T22:21:10","slug":"video","status":"publish","type":"page","link":"https:\/\/alexgrube.com\/?page_id=355","title":{"rendered":"Video"},"content":{"rendered":"<style>\n.youtube-grid-container {<br \/>\n  display: grid;<br \/>\n  grid-template-columns: repeat(2, 1fr);<br \/>\n  gap: 15px;<br \/>\n  margin: 40px auto;<br \/>\n  max-width: 100%;<br \/>\n  padding: 0 20px;<br \/>\n}<\/p>\n<p>.youtube-video-wrapper {<br \/>\n  position: relative;<br \/>\n  padding-bottom: 56.25%; \/* 16:9 Aspect Ratio *\/<br \/>\n  height: 0;<br \/>\n  overflow: hidden;<br \/>\n  background: #000;<br \/>\n  border-radius: 0;<br \/>\n}<\/p>\n<p>.youtube-video-wrapper iframe {<br \/>\n  position: absolute;<br \/>\n  top: 0;<br \/>\n  left: 0;<br \/>\n  width: 100%;<br \/>\n  height: 100%;<br \/>\n  border: 0;<br \/>\n}<\/p>\n<p>\/* Verschiedene Grid-Gr\u00f6\u00dfen *\/<br \/>\n.youtube-grid-2 {<br \/>\n  grid-template-columns: repeat(2, 1fr);<br \/>\n}<\/p>\n<p>.youtube-grid-3 {<br \/>\n  grid-template-columns: repeat(3, 1fr);<br \/>\n}<\/p>\n<p>.youtube-grid-4 {<br \/>\n  grid-template-columns: repeat(4, 1fr);<br \/>\n}<\/p>\n<p>\/* Responsive Anpassungen *\/<br \/>\n@media (max-width: 768px) {<br \/>\n  .youtube-grid-container {<br \/>\n    grid-template-columns: 1fr;<br \/>\n  }<br \/>\n}<br \/>\n<\/style>\n<p><iframe loading=\"lazy\" title=\"Alex Grube - British Racing Green \/ Sandberg California Custom Demo\" width=\"500\" height=\"281\" src=\"https:\/\/www.youtube.com\/embed\/XuRRHcKVvyA?start=2&#038;feature=oembed\" frameborder=\"0\" allow=\"accelerometer; autoplay; clipboard-write; encrypted-media; gyroscope; picture-in-picture; web-share\" referrerpolicy=\"strict-origin-when-cross-origin\" allowfullscreen><\/iframe><\/p>\n<p><!-- Grid mit 6 Videos - 2 Spalten f\u00fcr gr\u00f6\u00dfere Darstellung --><\/p>\n<div class=\"youtube-grid-container youtube-grid-2\">\n<div class=\"youtube-video-wrapper\">\n<p><iframe loading=\"lazy\" title=\"Cologne - Drippy (official video)\" width=\"500\" height=\"281\" src=\"https:\/\/www.youtube.com\/embed\/WN5K_uP2zuc?feature=oembed\" frameborder=\"0\" allow=\"accelerometer; autoplay; clipboard-write; encrypted-media; gyroscope; picture-in-picture; web-share\" referrerpolicy=\"strict-origin-when-cross-origin\" allowfullscreen><\/iframe><\/p>\n<\/div>\n<div class=\"youtube-video-wrapper\"><\/div>\n<div class=\"youtube-video-wrapper\">\n<p><iframe loading=\"lazy\" title=\"Mark Forster x Kontra K - Wenn Du Mich Vergisst I Live Auf Dem Betze\" width=\"500\" height=\"281\" src=\"https:\/\/www.youtube.com\/embed\/ScQlUQZzQ2U?feature=oembed\" frameborder=\"0\" allow=\"accelerometer; autoplay; clipboard-write; encrypted-media; gyroscope; picture-in-picture; web-share\" referrerpolicy=\"strict-origin-when-cross-origin\" allowfullscreen><\/iframe><\/p>\n<\/div>\n<div class=\"youtube-video-wrapper\">\n<p><iframe loading=\"lazy\" title=\"Alex Grube - Huckleberry Friend\" width=\"500\" height=\"281\" src=\"https:\/\/www.youtube.com\/embed\/OQNV5gHXv-s?feature=oembed\" frameborder=\"0\" allow=\"accelerometer; autoplay; clipboard-write; encrypted-media; gyroscope; picture-in-picture; web-share\" referrerpolicy=\"strict-origin-when-cross-origin\" allowfullscreen><\/iframe><\/p>\n<\/div>\n<div class=\"youtube-video-wrapper\">\n<p><iframe loading=\"lazy\" title=\"Alex Grube - Magnolia\" width=\"500\" height=\"281\" src=\"https:\/\/www.youtube.com\/embed\/gSbGsRbMYOA?feature=oembed\" frameborder=\"0\" allow=\"accelerometer; autoplay; clipboard-write; encrypted-media; gyroscope; picture-in-picture; web-share\" referrerpolicy=\"strict-origin-when-cross-origin\" allowfullscreen><\/iframe><\/p>\n<\/div>\n<div class=\"youtube-video-wrapper\">\n<p><iframe loading=\"lazy\" title=\"Musicology (with Benny Greb Drumsolo) - FUNK JAM by Cosmo Klein\" width=\"500\" height=\"281\" src=\"https:\/\/www.youtube.com\/embed\/R3dv4UO3ad0?feature=oembed\" frameborder=\"0\" allow=\"accelerometer; autoplay; clipboard-write; encrypted-media; gyroscope; picture-in-picture; web-share\" referrerpolicy=\"strict-origin-when-cross-origin\" allowfullscreen><\/iframe><\/p>\n<\/div>\n<\/div>\n","protected":false},"excerpt":{"rendered":"","protected":false},"author":1,"featured_media":0,"parent":7,"menu_order":4,"comment_status":"closed","ping_status":"closed","template":"","meta":{"_vp_format_video_url":"","_vp_image_focal_point":[],"footnotes":""},"class_list":["post-355","page","type-page","status-publish","hentry"],"_links":{"self":[{"href":"https:\/\/alexgrube.com\/index.php?rest_route=\/wp\/v2\/pages\/355","targetHints":{"allow":["GET"]}}],"collection":[{"href":"https:\/\/alexgrube.com\/index.php?rest_route=\/wp\/v2\/pages"}],"about":[{"href":"https:\/\/alexgrube.com\/index.php?rest_route=\/wp\/v2\/types\/page"}],"author":[{"embeddable":true,"href":"https:\/\/alexgrube.com\/index.php?rest_route=\/wp\/v2\/users\/1"}],"replies":[{"embeddable":true,"href":"https:\/\/alexgrube.com\/index.php?rest_route=%2Fwp%2Fv2%2Fcomments&post=355"}],"version-history":[{"count":8,"href":"https:\/\/alexgrube.com\/index.php?rest_route=\/wp\/v2\/pages\/355\/revisions"}],"predecessor-version":[{"id":378,"href":"https:\/\/alexgrube.com\/index.php?rest_route=\/wp\/v2\/pages\/355\/revisions\/378"}],"up":[{"embeddable":true,"href":"https:\/\/alexgrube.com\/index.php?rest_route=\/wp\/v2\/pages\/7"}],"wp:attachment":[{"href":"https:\/\/alexgrube.com\/index.php?rest_route=%2Fwp%2Fv2%2Fmedia&parent=355"}],"curies":[{"name":"wp","href":"https:\/\/api.w.org\/{rel}","templated":true}]}}